{"id":2820,"date":"2020-01-22T10:42:14","date_gmt":"2020-01-22T10:42:14","guid":{"rendered":"https:\/\/banjaluka.hotelintegra.com\/?page_id=2820"},"modified":"2022-05-30T13:49:24","modified_gmt":"2022-05-30T13:49:24","slug":"thank-you","status":"publish","type":"page","link":"https:\/\/banjaluka.hotelintegra.ba\/en\/thank-you\/","title":{"rendered":"Thank you"},"content":{"rendered":"<p>[et_pb_section fb_built=&#8221;1&#8243; fullwidth=&#8221;on&#8221; _builder_version=&#8221;4.16&#8243; custom_margin=&#8221;0px||0px||false|false&#8221; custom_padding=&#8221;0px||0px||false|false&#8221; animation_style=&#8221;fade&#8221; animation_duration=&#8221;500ms&#8221; animation_starting_opacity=&#8221;50%&#8221; da_disable_devices=&#8221;off|off|off&#8221; locked=&#8221;off&#8221; global_colors_info=&#8221;{}&#8221; da_is_popup=&#8221;off&#8221; da_exit_intent=&#8221;off&#8221; da_has_close=&#8221;on&#8221; da_alt_close=&#8221;off&#8221; da_dark_close=&#8221;off&#8221; da_not_modal=&#8221;on&#8221; da_is_singular=&#8221;off&#8221; da_with_loader=&#8221;off&#8221; da_has_shadow=&#8221;on&#8221;][et_pb_fullwidth_header _builder_version=&#8221;4.16&#8243; background_color=&#8221;rgba(0,0,0,0)&#8221; background_image=&#8221;https:\/\/banjaluka.hotelintegra.ba\/wp-content\/uploads\/2021\/12\/konferencijska-sala.jpg&#8221; min_height=&#8221;600px&#8221; global_colors_info=&#8221;{}&#8221;][\/et_pb_fullwidth_header][\/et_pb_section][et_pb_section fb_built=&#8221;1&#8243; _builder_version=&#8221;4.16&#8243; da_disable_devices=&#8221;off|off|off&#8221; global_colors_info=&#8221;{}&#8221; da_is_popup=&#8221;off&#8221; da_exit_intent=&#8221;off&#8221; da_has_close=&#8221;on&#8221; da_alt_close=&#8221;off&#8221; da_dark_close=&#8221;off&#8221; da_not_modal=&#8221;on&#8221; da_is_singular=&#8221;off&#8221; da_with_loader=&#8221;off&#8221; da_has_shadow=&#8221;on&#8221;][et_pb_row _builder_version=&#8221;4.16&#8243; max_width=&#8221;900px&#8221; global_colors_info=&#8221;{}&#8221;][et_pb_column type=&#8221;4_4&#8243; _builder_version=&#8221;4.16&#8243; global_colors_info=&#8221;{}&#8221;][et_pb_text module_class=&#8221;knf-sala&#8221; _builder_version=&#8221;4.17.4&#8243; text_font=&#8221;|300|||||||&#8221; text_text_color=&#8221;#000000&#8243; text_font_size=&#8221;18px&#8221; text_line_height=&#8221;1.6em&#8221; header_font=&#8221;Cinzel|700||on|||||&#8221; header_text_color=&#8221;#632c00&#8243; header_font_size=&#8221;34px&#8221; header_line_height=&#8221;1.7em&#8221; header_3_font=&#8221;Cinzel|700||on|||||&#8221; header_3_text_color=&#8221;#632c00&#8243; header_3_font_size=&#8221;34px&#8221; header_3_line_height=&#8221;1.7em&#8221; max_width=&#8221;85%&#8221; max_width_tablet=&#8221;85%&#8221; max_width_phone=&#8221;85%&#8221; max_width_last_edited=&#8221;on|desktop&#8221; module_alignment=&#8221;center&#8221; animation_style=&#8221;slide&#8221; animation_direction=&#8221;bottom&#8221; animation_delay=&#8221;300ms&#8221; animation_intensity_slide=&#8221;10%&#8221; hover_enabled=&#8221;0&#8243; text_font_size_tablet=&#8221;&#8221; text_font_size_phone=&#8221;16px&#8221; text_font_size_last_edited=&#8221;on|desktop&#8221; header_font_size_tablet=&#8221;34px&#8221; header_font_size_phone=&#8221;26px&#8221; header_font_size_last_edited=&#8221;on|phone&#8221; header_line_height_tablet=&#8221;1.7em&#8221; header_line_height_phone=&#8221;1.4em&#8221; header_line_height_last_edited=&#8221;on|phone&#8221; header_3_font_tablet=&#8221;Cinzel|700||on|||||&#8221; header_3_font_phone=&#8221;Cinzel|700||on|||||&#8221; header_3_font_last_edited=&#8221;on|desktop&#8221; header_3_font_size_tablet=&#8221;&#8221; header_3_font_size_phone=&#8221;26px&#8221; header_3_font_size_last_edited=&#8221;on|phone&#8221; header_3_line_height_tablet=&#8221;&#8221; header_3_line_height_phone=&#8221;1.4em&#8221; header_3_line_height_last_edited=&#8221;on|desktop&#8221; global_colors_info=&#8221;{}&#8221; sticky_enabled=&#8221;0&#8243;]<\/p>\n<p>Thank you!<\/p>\n<p>[\/et_pb_text][\/et_pb_column][\/et_pb_row][\/et_pb_section]<\/p>\n","protected":false},"excerpt":{"rendered":"<p>Thank you!<\/p>\n","protected":false},"author":2,"featured_media":0,"parent":0,"menu_order":0,"comment_status":"closed","ping_status":"closed","template":"","meta":{"_et_pb_use_builder":"on","_et_pb_old_content":"[et_pb_section fb_built=\"1\" fullwidth=\"on\" _builder_version=\"4.1\" custom_margin=\"0px||0px||false|false\" custom_padding=\"0px||0px||false|false\" animation_style=\"fade\" animation_duration=\"500ms\" animation_starting_opacity=\"50%\" locked=\"off\"][et_pb_fullwidth_header _builder_version=\"4.0.9\" background_color=\"rgba(0,0,0,0)\" background_image=\"https:\/\/banjaluka.hotelintegra.ba\/wp-content\/uploads\/2020\/01\/konferencijeska-sala.jpg\" min_height=\"600px\"][\/et_pb_fullwidth_header][\/et_pb_section][et_pb_section fb_built=\"1\" _builder_version=\"4.0.9\"][et_pb_row _builder_version=\"4.1\" max_width=\"900px\" hover_enabled=\"0\"][et_pb_column type=\"4_4\" _builder_version=\"4.0.9\"][et_pb_text module_class=\"knf-sala\" _builder_version=\"4.1\" text_font=\"|300|||||||\" text_text_color=\"#000000\" text_font_size=\"18px\" text_line_height=\"1.8em\" header_3_font=\"Cinzel|700||on|||||\" header_3_text_color=\"#632c00\" header_3_font_size=\"34px\" header_3_line_height=\"1.7em\" animation_style=\"slide\" animation_direction=\"top\" animation_delay=\"350ms\" hover_enabled=\"0\"]<h3 style=\"text-align: center;\">Konferencijska sala<\/h3>\r\n<p style=\"text-align: center;\">Prostor mo\u017ee ugostiti do 50 osoba. Koristi se za poslovne sastanke, sve\u010dane ru\u010dkove i ve\u010dere.<br \/>Za organizaciju konkretnog doga\u0111aja molimo da nas direktno <a href=\"https:\/\/banjaluka.hotelintegra.ba\/kontakt\/\">kontaktirate<\/a>.<\/p>\r\n[\/et_pb_text][\/et_pb_column][\/et_pb_row][\/et_pb_section]","_et_gb_content_width":"","inline_featured_image":false,"_view_id":"","footnotes":"","_links_to":"","_links_to_target":""},"class_list":["post-2820","page","type-page","status-publish","hentry"],"_links":{"self":[{"href":"https:\/\/banjaluka.hotelintegra.ba\/en\/wp-json\/wp\/v2\/pages\/2820","targetHints":{"allow":["GET"]}}],"collection":[{"href":"https:\/\/banjaluka.hotelintegra.ba\/en\/wp-json\/wp\/v2\/pages"}],"about":[{"href":"https:\/\/banjaluka.hotelintegra.ba\/en\/wp-json\/wp\/v2\/types\/page"}],"author":[{"embeddable":true,"href":"https:\/\/banjaluka.hotelintegra.ba\/en\/wp-json\/wp\/v2\/users\/2"}],"replies":[{"embeddable":true,"href":"https:\/\/banjaluka.hotelintegra.ba\/en\/wp-json\/wp\/v2\/comments?post=2820"}],"version-history":[{"count":0,"href":"https:\/\/banjaluka.hotelintegra.ba\/en\/wp-json\/wp\/v2\/pages\/2820\/revisions"}],"wp:attachment":[{"href":"https:\/\/banjaluka.hotelintegra.ba\/en\/wp-json\/wp\/v2\/media?parent=2820"}],"curies":[{"name":"wp","href":"https:\/\/api.w.org\/{rel}","templated":true}]}}